{"id":19,"date":"2024-01-20T12:51:55","date_gmt":"2024-01-20T12:51:55","guid":{"rendered":"https:\/\/dijasporanews.com\/?page_id=19"},"modified":"2024-01-20T12:51:55","modified_gmt":"2024-01-20T12:51:55","slug":"vijesti","status":"publish","type":"page","link":"https:\/\/dijasporanews.com\/?page_id=19","title":{"rendered":"Vijesti"},"content":{"rendered":"\n<div class=\"wp-block-query is-layout-flow wp-block-query-is-layout-flow\"><ul class=\"wp-block-post-template is-layout-flow wp-block-post-template-is-layout-flow\"><li class=\"wp-block-post post-220 post type-post status-publish format-standard has-post-thumbnail hentry category-business category-naslovnica category-news category-vijesti tag-baden-wurtenberg tag-deutschland tag-njemacka tag-posao tag-ravensburg tag-vetter-pharma\">\n<h2 class=\"wp-block-post-title\"><a href=\"https:\/\/dijasporanews.com\/?p=220\" target=\"_self\" >Vetter Pharma iz Ravensburga otvara nova radna mjesta<\/a><\/h2>\n\n<figure class=\"alignwide wp-block-post-featured-image\"><a href=\"https:\/\/dijasporanews.com\/?p=220\" target=\"_self\"  ><img loading=\"lazy\" decoding=\"async\" width=\"620\" height=\"401\" src=\"https:\/\/dijasporanews.com\/wp-content\/uploads\/2024\/07\/mb-monitoring.jpg\" class=\"attachment-post-thumbnail size-post-thumbnail wp-post-image\" alt=\"Vetter Pharma iz Ravensburga otvara nova radna mjesta\" style=\"object-fit:cover;\" srcset=\"https:\/\/dijasporanews.com\/wp-content\/uploads\/2024\/07\/mb-monitoring.jpg 620w, https:\/\/dijasporanews.com\/wp-content\/uploads\/2024\/07\/mb-monitoring-300x194.jpg 300w\" sizes=\"(max-width: 620px) 100vw, 620px\" \/><\/a><\/figure>\n\n<div class=\"wp-block-post-excerpt\"><p class=\"wp-block-post-excerpt__excerpt\">Vetter Pharma Ravensburg, poznata tvrtka iz Ravensburga najavila je otvaranje novih radnih mjesta za mehani\u010dare, laborante i radnike u produkciji. Ove pozicije su osnovane u sklopu \u0161ireg razvoja proizvodnog kapaciteta tvrtke, koja se bavi proizvodnjom i pakovanjem lijekova za prehranu i lije\u010denje. Kao specijalizirana tvrtka za proizvodnju lijekova, Vetter Pharma pridonosi razvoju novih terapijskih opcija&hellip; <\/p><\/div>\n\n\n<hr class=\"wp-block-separator has-css-opacity\"\/>\n\n\n<div class=\"wp-block-post-date\"><time datetime=\"2024-07-11T19:27:54+00:00\">11 srpnja, 2024<\/time><\/div>\n<\/li><li class=\"wp-block-post post-319 post type-post status-publish format-standard has-post-thumbnail hentry category-lifestyle category-naslovnica category-travel\">\n<h2 class=\"wp-block-post-title\"><a href=\"https:\/\/dijasporanews.com\/?p=319\" target=\"_self\" >Oprez na ljetovanju! Evo \u0161to ne smijemo raditi na Jadranu<\/a><\/h2>\n\n<figure class=\"alignwide wp-block-post-featured-image\"><a href=\"https:\/\/dijasporanews.com\/?p=319\" target=\"_self\"  ><img loading=\"lazy\" decoding=\"async\" width=\"1170\" height=\"700\" src=\"https:\/\/dijasporanews.com\/wp-content\/uploads\/2024\/07\/jadranska-obala.jpg\" class=\"attachment-post-thumbnail size-post-thumbnail wp-post-image\" alt=\"Oprez na ljetovanju! Evo \u0161to ne smijemo raditi na Jadranu\" style=\"object-fit:cover;\" srcset=\"https:\/\/dijasporanews.com\/wp-content\/uploads\/2024\/07\/jadranska-obala.jpg 1170w, https:\/\/dijasporanews.com\/wp-content\/uploads\/2024\/07\/jadranska-obala-300x179.jpg 300w, https:\/\/dijasporanews.com\/wp-content\/uploads\/2024\/07\/jadranska-obala-1024x613.jpg 1024w, https:\/\/dijasporanews.com\/wp-content\/uploads\/2024\/07\/jadranska-obala-768x459.jpg 768w, https:\/\/dijasporanews.com\/wp-content\/uploads\/2024\/07\/jadranska-obala-750x449.jpg 750w, https:\/\/dijasporanews.com\/wp-content\/uploads\/2024\/07\/jadranska-obala-1140x682.jpg 1140w\" sizes=\"(max-width: 1170px) 100vw, 1170px\" \/><\/a><\/figure>\n\n<div class=\"wp-block-post-excerpt\"><p class=\"wp-block-post-excerpt__excerpt\">Ljeto na Jadranu je dio godine koje s nestrpljenjem i\u0161\u010dekujemo i jedva \u010dekamo u\u0107i u to osvje\u017eavaju\u0107e bajno plavetnilo ostavljaju\u0107i sve brige sa strane. Jedva \u010dekamo zatvoriti vrata, krenuti prema aerodromu i poletjeti prema omiljenom dijelu Europe, dok nas tamo \u010dekaju na\u0161i najmiliji. Da hrvatski Jadran nije omiljeno odredi\u0161te samo Hrvatima u dijaspori dokazuje \u010dinjenica&hellip; <\/p><\/div>\n\n\n<hr class=\"wp-block-separator has-css-opacity\"\/>\n\n\n<div class=\"wp-block-post-date\"><time datetime=\"2024-07-23T21:43:10+00:00\">23 srpnja, 2024<\/time><\/div>\n<\/li><li class=\"wp-block-post post-308 post type-post status-publish format-standard has-post-thumbnail hentry category-naslovnica category-sport category-sports tag-hajduk tag-hrvatska tag-ivan-rakitic tag-nogomet tag-split tag-sport tag-vatreni\">\n<h2 class=\"wp-block-post-title\"><a href=\"https:\/\/dijasporanews.com\/?p=308\" target=\"_self\" >Ivan Rakiti\u0107 potpisao za Hajduk<\/a><\/h2>\n\n<figure class=\"alignwide wp-block-post-featured-image\"><a href=\"https:\/\/dijasporanews.com\/?p=308\" target=\"_self\"  ><img loading=\"lazy\" decoding=\"async\" width=\"800\" height=\"550\" src=\"https:\/\/dijasporanews.com\/wp-content\/uploads\/2024\/07\/ivan-rakitic-gattuso.jpg\" class=\"attachment-post-thumbnail size-post-thumbnail wp-post-image\" alt=\"Ivan Rakiti\u0107 potpisao za Hajduk\" style=\"object-fit:cover;\" srcset=\"https:\/\/dijasporanews.com\/wp-content\/uploads\/2024\/07\/ivan-rakitic-gattuso.jpg 800w, https:\/\/dijasporanews.com\/wp-content\/uploads\/2024\/07\/ivan-rakitic-gattuso-300x206.jpg 300w, https:\/\/dijasporanews.com\/wp-content\/uploads\/2024\/07\/ivan-rakitic-gattuso-768x528.jpg 768w, https:\/\/dijasporanews.com\/wp-content\/uploads\/2024\/07\/ivan-rakitic-gattuso-750x516.jpg 750w\" sizes=\"(max-width: 800px) 100vw, 800px\" \/><\/a><\/figure>\n\n<div class=\"wp-block-post-excerpt\"><p class=\"wp-block-post-excerpt__excerpt\">Talijanski novinar i stru\u010dnjak za transfere Fabrizio Romano je na svojoj X stranici objavio da je Ivan Rakiti\u0107 potpisao za splitski klub, a ugovor vrijedi do lipnja 2026. godine. &#8220;&#8221;Ivan Rakiti\u0107 dolazi u splitski Hajduk, idemo! Sklopljen je dvogodi\u0161nji ugovor koji vrijedi do lipnja 2026.&#8221; <\/p><\/div>\n\n\n<hr class=\"wp-block-separator has-css-opacity\"\/>\n\n\n<div class=\"wp-block-post-date\"><time datetime=\"2024-07-18T11:30:11+00:00\">18 srpnja, 2024<\/time><\/div>\n<\/li><li class=\"wp-block-post post-287 post type-post status-publish format-standard has-post-thumbnail hentry category-naslovnica category-sport category-sports tag-hrvatska tag-polufinale tag-tenis tag-tennis tag-tournament tag-turnir tag-wimbledon\">\n<h2 class=\"wp-block-post-title\"><a href=\"https:\/\/dijasporanews.com\/?p=287\" target=\"_self\" >Drama na Wimbledonu: Donna Veki\u0107 ostala bez finala<\/a><\/h2>\n\n<figure class=\"alignwide wp-block-post-featured-image\"><a href=\"https:\/\/dijasporanews.com\/?p=287\" target=\"_self\"  ><img loading=\"lazy\" decoding=\"async\" width=\"590\" height=\"350\" src=\"https:\/\/dijasporanews.com\/wp-content\/uploads\/2024\/07\/Donna-Vekic-Wimbledon-5490191.jpg\" class=\"attachment-post-thumbnail size-post-thumbnail wp-post-image\" alt=\"Drama na Wimbledonu: Donna Veki\u0107 ostala bez finala\" style=\"object-fit:cover;\" srcset=\"https:\/\/dijasporanews.com\/wp-content\/uploads\/2024\/07\/Donna-Vekic-Wimbledon-5490191.jpg 590w, https:\/\/dijasporanews.com\/wp-content\/uploads\/2024\/07\/Donna-Vekic-Wimbledon-5490191-300x178.jpg 300w\" sizes=\"(max-width: 590px) 100vw, 590px\" \/><\/a><\/figure>\n\n<div class=\"wp-block-post-excerpt\"><p class=\"wp-block-post-excerpt__excerpt\">Jos dugo \u0107e se pri\u010dati o ovom polufinalnom me\u010du koji je ujedno i najdu\u017ei u povijesti Wimbledona! U velikoj drami Wimbledonskog polufinala, hrvatska tenisa\u010dica Donna Veki\u0107 je pora\u017eena od Talijanke Jasmine Paolini sa 6-2, 4-6, 6-7 (8). Veki\u0107 i Paolini su odigrale me\u010d koji je potrajao \u010dak 2 sata i 50 minuta, sto je najdu\u017ei&hellip; <\/p><\/div>\n\n\n<hr class=\"wp-block-separator has-css-opacity\"\/>\n\n\n<div class=\"wp-block-post-date\"><time datetime=\"2024-07-11T20:03:18+00:00\">11 srpnja, 2024<\/time><\/div>\n<\/li><\/ul><\/div>\n","protected":false},"excerpt":{"rendered":"","protected":false},"author":1,"featured_media":0,"parent":0,"menu_order":0,"comment_status":"closed","ping_status":"closed","template":"","meta":{"footnotes":""},"class_list":["post-19","page","type-page","status-publish","hentry"],"_links":{"self":[{"href":"https:\/\/dijasporanews.com\/index.php?rest_route=\/wp\/v2\/pages\/19"}],"collection":[{"href":"https:\/\/dijasporanews.com\/index.php?rest_route=\/wp\/v2\/pages"}],"about":[{"href":"https:\/\/dijasporanews.com\/index.php?rest_route=\/wp\/v2\/types\/page"}],"author":[{"embeddable":true,"href":"https:\/\/dijasporanews.com\/index.php?rest_route=\/wp\/v2\/users\/1"}],"replies":[{"embeddable":true,"href":"https:\/\/dijasporanews.com\/index.php?rest_route=%2Fwp%2Fv2%2Fcomments&post=19"}],"version-history":[{"count":1,"href":"https:\/\/dijasporanews.com\/index.php?rest_route=\/wp\/v2\/pages\/19\/revisions"}],"predecessor-version":[{"id":20,"href":"https:\/\/dijasporanews.com\/index.php?rest_route=\/wp\/v2\/pages\/19\/revisions\/20"}],"wp:attachment":[{"href":"https:\/\/dijasporanews.com\/index.php?rest_route=%2Fwp%2Fv2%2Fmedia&parent=19"}],"curies":[{"name":"wp","href":"https:\/\/api.w.org\/{rel}","templated":true}]}}